{"id":1517,"date":"2021-10-26T13:17:24","date_gmt":"2021-10-26T13:17:24","guid":{"rendered":"https:\/\/dev.feverfighters.com\/?page_id=1517"},"modified":"2021-12-13T17:12:24","modified_gmt":"2021-12-13T17:12:24","slug":"membership","status":"publish","type":"page","link":"https:\/\/dev.feverfighters.com\/?page_id=1517&lang=en","title":{"rendered":"Membership"},"content":{"rendered":"\t\t<div data-elementor-type=\"wp-page\" data-elementor-id=\"1517\" class=\"elementor elementor-1517\" data-elementor-settings=\"[]\">\n\t\t\t\t\t\t<div class=\"elementor-inner\">\n\t\t\t\t\t\t\t<div class=\"elementor-section-wrap\">\n\t\t\t\t\t\t\t<section class=\"elementor-section elementor-top-section elementor-element elementor-element-6de01ab elementor-section-boxed elementor-section-height-default elementor-section-height-default\" data-id=\"6de01ab\" data-element_type=\"section\">\n\t\t\t\t\t\t<div class=\"elementor-container elementor-column-gap-default\">\n\t\t\t\t\t\t\t<div class=\"elementor-row\">\n\t\t\t\t\t<div class=\"elementor-column elementor-col-100 elementor-top-column elementor-element elementor-element-77d1c7f\" data-id=\"77d1c7f\" data-element_type=\"column\">\n\t\t\t<div class=\"elementor-column-wrap elementor-element-populated\">\n\t\t\t\t\t\t\t<div class=\"elementor-widget-wrap\">\n\t\t\t\t\t\t<div class=\"elementor-element elementor-element-d6e5c78 elementor-widget elementor-widget-spacer\" data-id=\"d6e5c78\" data-element_type=\"widget\" data-widget_type=\"spacer.default\">\n\t\t\t\t<div class=\"elementor-widget-container\">\n\t\t\t\t\t<div class=\"elementor-spacer\">\n\t\t\t<div class=\"elementor-spacer-inner\"><\/div>\n\t\t<\/div>\n\t\t\t\t<\/div>\n\t\t\t\t<\/div>\n\t\t\t\t<div class=\"elementor-element elementor-element-5e4d7e7 elementor-widget elementor-widget-text-editor\" data-id=\"5e4d7e7\" data-element_type=\"widget\" data-settings=\"{&quot;_animation&quot;:&quot;none&quot;}\" data-widget_type=\"text-editor.default\">\n\t\t\t\t<div class=\"elementor-widget-container\">\n\t\t\t\t\t\t\t\t<div class=\"elementor-text-editor elementor-clearfix\">\n\t\t\t\t<h2><span lang=\"en\">Become a Member<br \/><\/span><\/h2>\t\t\t\t\t<\/div>\n\t\t\t\t\t\t<\/div>\n\t\t\t\t<\/div>\n\t\t\t\t\t\t<\/div>\n\t\t\t\t\t<\/div>\n\t\t<\/div>\n\t\t\t\t\t\t\t\t<\/div>\n\t\t\t\t\t<\/div>\n\t\t<\/section>\n\t\t\t\t<section class=\"elementor-section elementor-top-section elementor-element elementor-element-1c9d9b5 elementor-section-boxed elementor-section-height-default elementor-section-height-default\" data-id=\"1c9d9b5\" data-element_type=\"section\" data-settings=\"{&quot;background_background&quot;:&quot;classic&quot;}\">\n\t\t\t\t\t\t<div class=\"elementor-container elementor-column-gap-default\">\n\t\t\t\t\t\t\t<div class=\"elementor-row\">\n\t\t\t\t\t<div class=\"elementor-column elementor-col-50 elementor-top-column elementor-element elementor-element-e744ecc\" data-id=\"e744ecc\" data-element_type=\"column\">\n\t\t\t<div class=\"elementor-column-wrap elementor-element-populated\">\n\t\t\t\t\t\t\t<div class=\"elementor-widget-wrap\">\n\t\t\t\t\t\t<div class=\"elementor-element elementor-element-7691e05 elementor-widget elementor-widget-text-editor\" data-id=\"7691e05\" data-element_type=\"widget\" data-widget_type=\"text-editor.default\">\n\t\t\t\t<div class=\"elementor-widget-container\">\n\t\t\t\t\t\t\t\t<div class=\"elementor-text-editor elementor-clearfix\">\n\t\t\t\t<p>In order to grow we need people who fight the fever with us. There are many way to be part of our organization:<\/p>\t\t\t\t\t<\/div>\n\t\t\t\t\t\t<\/div>\n\t\t\t\t<\/div>\n\t\t\t\t<div class=\"elementor-element elementor-element-03f5db2 elementor-widget elementor-widget-text-editor\" data-id=\"03f5db2\" data-element_type=\"widget\" data-widget_type=\"text-editor.default\">\n\t\t\t\t<div class=\"elementor-widget-container\">\n\t\t\t\t\t\t\t\t<div class=\"elementor-text-editor elementor-clearfix\">\n\t\t\t\t<h4><span style=\"color: #63b32e;\">SPREAD THE KNOWLEDGE<\/span><\/h4><p>Spread the knowledge about indigenous remedies for malaria through civic organizations and activists! Please send a mail to: <a href=\"mailto:mail@fightthefever.org\">mail@fightthefever.org<\/a> with the subject line: <em>knowledge<\/em> and we will send you our compact information folder.<\/p><h4><span style=\"color: #63b32e;\"><br \/>FUNDRAISING<\/span><\/h4><p>Help us with fundraising for our projects.<\/p><h4><span style=\"color: #63b32e;\"><br \/>EDUCATE<\/span><\/h4><p>Educate your personal environment talking to people from the global north about the profit driven health policies that can\u2019t prevent millions of avoidable deaths.<\/p><h4><span style=\"color: #63b32e;\"><br \/>ARRANGE SCREENINGS<\/span><strong><br \/><\/strong><\/h4><p>Arrange screenings of THE FEVER in your area. You know local organizations that deal with topics like herbal medicine or colonial responsibility? Inform them about the feature documentary THE FEVER and suggest a movie night. There is a special offer for non profit\u00a0 organizations by the distributor.<\/p><h4><span style=\"color: #63b32e;\"><br \/>BRING FURTHER IDEAS<\/span><\/h4><p>You have an idea that might bring us forward? <br \/>Send a mail to: <a href=\"mailto:mail@fightthefever.org\"><span style=\"text-decoration: underline;\">mail@fightthefever.org<\/span><\/a><\/p>\t\t\t\t\t<\/div>\n\t\t\t\t\t\t<\/div>\n\t\t\t\t<\/div>\n\t\t\t\t\t\t<\/div>\n\t\t\t\t\t<\/div>\n\t\t<\/div>\n\t\t\t\t<div class=\"elementor-column elementor-col-50 elementor-top-column elementor-element elementor-element-9679086\" data-id=\"9679086\" data-element_type=\"column\">\n\t\t\t<div class=\"elementor-column-wrap elementor-element-populated\">\n\t\t\t\t\t\t\t<div class=\"elementor-widget-wrap\">\n\t\t\t\t\t\t<div class=\"elementor-element elementor-element-6448498 elementor-widget elementor-widget-text-editor\" data-id=\"6448498\" data-element_type=\"widget\" data-widget_type=\"text-editor.default\">\n\t\t\t\t<div class=\"elementor-widget-container\">\n\t\t\t\t\t\t\t\t<div class=\"elementor-text-editor elementor-clearfix\">\n\t\t\t\t<h5><span style=\"color: #63b32e;\">MEMBERSHIP APPLICATION FORM<\/span><\/h5>\t\t\t\t\t<\/div>\n\t\t\t\t\t\t<\/div>\n\t\t\t\t<\/div>\n\t\t\t\t<div class=\"elementor-element elementor-element-c25dfe3 elementor-widget elementor-widget-text-editor\" data-id=\"c25dfe3\" data-element_type=\"widget\" data-widget_type=\"text-editor.default\">\n\t\t\t\t<div class=\"elementor-widget-container\">\n\t\t\t\t\t\t\t\t<div class=\"elementor-text-editor elementor-clearfix\">\n\t\t\t\t<div role=\"form\" class=\"wpcf7\" id=\"wpcf7-f432-o1\" lang=\"de-AT\" dir=\"ltr\">\n<div class=\"screen-reader-response\"><p role=\"status\" aria-live=\"polite\" aria-atomic=\"true\"><\/p> <ul><\/ul><\/div>\n<form action=\"\/index.php?rest_route=%2Fwp%2Fv2%2Fpages%2F1517#wpcf7-f432-o1\" method=\"post\" class=\"wpcf7-form init\" novalidate=\"novalidate\" data-status=\"init\">\n<div style=\"display: none;\">\n<input type=\"hidden\" name=\"_wpcf7\" value=\"432\" \/>\n<input type=\"hidden\" name=\"_wpcf7_version\" value=\"5.5.3\" \/>\n<input type=\"hidden\" name=\"_wpcf7_locale\" value=\"de_AT\" \/>\n<input type=\"hidden\" name=\"_wpcf7_unit_tag\" value=\"wpcf7-f432-o1\" \/>\n<input type=\"hidden\" name=\"_wpcf7_container_post\" value=\"0\" \/>\n<input type=\"hidden\" name=\"_wpcf7_posted_data_hash\" value=\"\" \/>\n<\/div>\n<p><label> Vor- und Nachname<br \/>\n    <span class=\"wpcf7-form-control-wrap your-name\"><input type=\"text\" name=\"your-name\" value=\"\" size=\"40\" class=\"wpcf7-form-control wpcf7-text wpcf7-validates-as-required\" aria-required=\"true\" aria-invalid=\"false\" \/><\/span> <\/label><\/p>\n<p><label> Geburtsdatum<br \/>\n    <span class=\"wpcf7-form-control-wrap your-birthday\"><input type=\"text\" name=\"your-birthday\" value=\"\" size=\"40\" class=\"wpcf7-form-control wpcf7-text wpcf7-validates-as-required\" aria-required=\"true\" aria-invalid=\"false\" \/><\/span> <\/label><\/p>\n<p><label> Vollst\u00e4ndige Adresse<br \/>\n    <span class=\"wpcf7-form-control-wrap your-adress\"><input type=\"text\" name=\"your-adress\" value=\"\" size=\"40\" class=\"wpcf7-form-control wpcf7-text wpcf7-validates-as-required\" aria-required=\"true\" aria-invalid=\"false\" \/><\/span> <\/label><\/p>\n<p><label> E-Mail<br \/>\n    <span class=\"wpcf7-form-control-wrap your-email\"><input type=\"email\" name=\"your-email\" value=\"\" size=\"40\" class=\"wpcf7-form-control wpcf7-text wpcf7-email wpcf7-validates-as-required wpcf7-validates-as-email\" aria-required=\"true\" aria-invalid=\"false\" \/><\/span> <\/label><\/p>\n<p><label> Telefonnumer<br \/>\n    <span class=\"wpcf7-form-control-wrap your-number\"><input type=\"text\" name=\"your-number\" value=\"\" size=\"40\" class=\"wpcf7-form-control wpcf7-text wpcf7-validates-as-required\" aria-required=\"true\" aria-invalid=\"false\" \/><\/span> <\/label><\/p>\n<p>Tarif Mitgliedschaft; j\u00e4hrlich bezahlt:<\/p>\n<p>Mitgliedschaft<br \/>\n<span class=\"wpcf7-form-control-wrap Mitgliedschaft\"><select name=\"Mitgliedschaft\" class=\"wpcf7-form-control wpcf7-select wpcf7-validates-as-required\" aria-required=\"true\" aria-invalid=\"false\"><option value=\"\">&#8212;<\/option><option value=\"aktiv, ordentlich, 49.00,-\">aktiv, ordentlich, 49.00,-<\/option><option value=\"passiv, au\u00dferordentlich, 99.00,-\">passiv, au\u00dferordentlich, 99.00,-<\/option><option value=\"erm\u00e4\u00dfigt, Sch\u00fcler*in, Student*in, Erwerbslose*r, Pensionist*in, 19.00,-\">erm\u00e4\u00dfigt, Sch\u00fcler*in, Student*in, Erwerbslose*r, Pensionist*in, 19.00,-<\/option><\/select><\/span>\n<\/p>\n<p>Ich stimme zu, die Datenschutzbestimmungen von Fight The Fever gelesen zu haben und einverstanden bin. <br \/>\n<span class=\"wpcf7-form-control-wrap acceptance-4\"><span class=\"wpcf7-form-control wpcf7-acceptance\"><span class=\"wpcf7-list-item\"><input type=\"checkbox\" name=\"acceptance-4\" value=\"1\" aria-invalid=\"false\" \/><\/span><\/span><\/span><\/p>\n<p>Ich best\u00e4tige die vollst\u00e4ndige Erkl\u00e4rung zu den Newsletter-Bestimmungen gelesen zu haben und bin einverstanden. <br \/>\n<span class=\"wpcf7-form-control-wrap Newsletter\"><select name=\"Newsletter\" class=\"wpcf7-form-control wpcf7-select wpcf7-validates-as-required\" aria-required=\"true\" aria-invalid=\"false\"><option value=\"\">&#8212;<\/option><option value=\"Ja\">Ja<\/option><option value=\"Nein\">Nein<\/option><\/select><\/span><\/p>\n<p>Ich best\u00e4tige die vollst\u00e4ndige Erkl\u00e4rung zu den Foto-, Bild-, und Videoaufnahmen gelesen zu haben und bin einverstanden. <br \/>\n<span class=\"wpcf7-form-control-wrap Aufnahmen\"><select name=\"Aufnahmen\" class=\"wpcf7-form-control wpcf7-select wpcf7-validates-as-required\" aria-required=\"true\" aria-invalid=\"false\"><option value=\"\">&#8212;<\/option><option value=\"Ja\">Ja<\/option><option value=\"Nein\">Nein<\/option><\/select><\/span><\/p>\n<p><input type=\"submit\" value=\"Senden\" class=\"wpcf7-form-control has-spinner wpcf7-submit\" \/><\/p>\n<div class=\"wpcf7-response-output\" aria-hidden=\"true\"><\/div><\/form><\/div>\t\t\t\t\t<\/div>\n\t\t\t\t\t\t<\/div>\n\t\t\t\t<\/div>\n\t\t\t\t<div class=\"elementor-element elementor-element-f8ba949 elementor-widget-divider--view-line elementor-widget elementor-widget-divider\" data-id=\"f8ba949\" data-element_type=\"widget\" data-widget_type=\"divider.default\">\n\t\t\t\t<div class=\"elementor-widget-container\">\n\t\t\t\t\t<div class=\"elementor-divider\">\n\t\t\t<span class=\"elementor-divider-separator\">\n\t\t\t\t\t\t<\/span>\n\t\t<\/div>\n\t\t\t\t<\/div>\n\t\t\t\t<\/div>\n\t\t\t\t<div class=\"elementor-element elementor-element-d50c56a elementor-widget elementor-widget-text-editor\" data-id=\"d50c56a\" data-element_type=\"widget\" data-widget_type=\"text-editor.default\">\n\t\t\t\t<div class=\"elementor-widget-container\">\n\t\t\t\t\t\t\t\t<div class=\"elementor-text-editor elementor-clearfix\">\n\t\t\t\t<p>Your application will be processed at the next board meeting, and afterwards you will receive feedback about your acceptance and a welcome goodie.<\/p>\t\t\t\t\t<\/div>\n\t\t\t\t\t\t<\/div>\n\t\t\t\t<\/div>\n\t\t\t\t<div class=\"elementor-element elementor-element-2534cf5 elementor-widget elementor-widget-spacer\" data-id=\"2534cf5\" data-element_type=\"widget\" data-widget_type=\"spacer.default\">\n\t\t\t\t<div class=\"elementor-widget-container\">\n\t\t\t\t\t<div class=\"elementor-spacer\">\n\t\t\t<div class=\"elementor-spacer-inner\"><\/div>\n\t\t<\/div>\n\t\t\t\t<\/div>\n\t\t\t\t<\/div>\n\t\t\t\t\t\t<\/div>\n\t\t\t\t\t<\/div>\n\t\t<\/div>\n\t\t\t\t\t\t\t\t<\/div>\n\t\t\t\t\t<\/div>\n\t\t<\/section>\n\t\t\t\t\t\t<\/div>\n\t\t\t\t\t\t<\/div>\n\t\t\t\t\t<\/div>\n\t\t","protected":false},"excerpt":{"rendered":"<p>Become a Member In order to grow we need people who fight the fever with us. There are many way to be part of our organization: SPREAD THE KNOWLEDGE Spread the knowledge about indigenous remedies for malaria through civic organizations and activists! Please send a mail to: mail@fightthefever.org with the subject line: knowledge and we&hellip;&nbsp;<a href=\"https:\/\/dev.feverfighters.com\/?page_id=1517&#038;lang=en\" rel=\"bookmark\">Weiterlesen &raquo;<span class=\"screen-reader-text\">Membership<\/span><\/a><\/p>\n","protected":false},"author":5,"featured_media":0,"parent":0,"menu_order":0,"comment_status":"closed","ping_status":"closed","template":"page-templates\/template-pagebuilder-full-width.php","meta":{"neve_meta_sidebar":"","neve_meta_container":"","neve_meta_enable_content_width":"","neve_meta_content_width":0,"neve_meta_title_alignment":"","neve_meta_author_avatar":"","neve_post_elements_order":"","neve_meta_disable_header":"","neve_meta_disable_footer":"","neve_meta_disable_title":"","footnotes":""},"class_list":["post-1517","page","type-page","status-publish","hentry"],"_links":{"self":[{"href":"https:\/\/dev.feverfighters.com\/index.php?rest_route=\/wp\/v2\/pages\/1517","targetHints":{"allow":["GET"]}}],"collection":[{"href":"https:\/\/dev.feverfighters.com\/index.php?rest_route=\/wp\/v2\/pages"}],"about":[{"href":"https:\/\/dev.feverfighters.com\/index.php?rest_route=\/wp\/v2\/types\/page"}],"author":[{"embeddable":true,"href":"https:\/\/dev.feverfighters.com\/index.php?rest_route=\/wp\/v2\/users\/5"}],"replies":[{"embeddable":true,"href":"https:\/\/dev.feverfighters.com\/index.php?rest_route=%2Fwp%2Fv2%2Fcomments&post=1517"}],"version-history":[{"count":82,"href":"https:\/\/dev.feverfighters.com\/index.php?rest_route=\/wp\/v2\/pages\/1517\/revisions"}],"predecessor-version":[{"id":2673,"href":"https:\/\/dev.feverfighters.com\/index.php?rest_route=\/wp\/v2\/pages\/1517\/revisions\/2673"}],"wp:attachment":[{"href":"https:\/\/dev.feverfighters.com\/index.php?rest_route=%2Fwp%2Fv2%2Fmedia&parent=1517"}],"curies":[{"name":"wp","href":"https:\/\/api.w.org\/{rel}","templated":true}]}}