{"id":45,"date":"2020-12-10T14:05:38","date_gmt":"2020-12-10T14:05:38","guid":{"rendered":"https:\/\/dev.feverfighters.com\/?page_id=45"},"modified":"2021-01-19T12:28:15","modified_gmt":"2021-01-19T12:28:15","slug":"kontakt","status":"publish","type":"page","link":"https:\/\/dev.feverfighters.com\/?page_id=45","title":{"rendered":"Impressum"},"content":{"rendered":"\t\t<div data-elementor-type=\"wp-page\" data-elementor-id=\"45\" class=\"elementor elementor-45\" data-elementor-settings=\"[]\">\n\t\t\t\t\t\t<div class=\"elementor-inner\">\n\t\t\t\t\t\t\t<div class=\"elementor-section-wrap\">\n\t\t\t\t\t\t\t<section class=\"elementor-section elementor-top-section elementor-element elementor-element-cff83bc elementor-section-boxed elementor-section-height-default elementor-section-height-default\" data-id=\"cff83bc\" data-element_type=\"section\">\n\t\t\t\t\t\t<div class=\"elementor-container elementor-column-gap-default\">\n\t\t\t\t\t\t\t<div class=\"elementor-row\">\n\t\t\t\t\t<div class=\"elementor-column elementor-col-100 elementor-top-column elementor-element elementor-element-970ebb0\" data-id=\"970ebb0\" data-element_type=\"column\">\n\t\t\t<div class=\"elementor-column-wrap elementor-element-populated\">\n\t\t\t\t\t\t\t<div class=\"elementor-widget-wrap\">\n\t\t\t\t\t\t<div class=\"elementor-element elementor-element-34c69cd elementor-widget elementor-widget-text-editor\" data-id=\"34c69cd\" data-element_type=\"widget\" data-widget_type=\"text-editor.default\">\n\t\t\t\t<div class=\"elementor-widget-container\">\n\t\t\t\t\t\t\t\t<div class=\"elementor-text-editor elementor-clearfix\">\n\t\t\t\t<p>Fight the Fever\u00a0\u2013 Verein zur Unterst\u00fctzung lokaler Strategien gegen Malaria<br \/>Auf der Schottenwiese 10<br \/>A-1160 Wien<\/p><p>E-Mail:\u00a0<a href=\"mailto:mail@fightthefever.org\">mail@fightthefever.org<\/a><\/p><p>Internet:\u00a0<a href=\"https:\/\/dev.feverfighters.com\">www.feverfighters.com<\/a><\/p><p>Gesch\u00e4ftsf\u00fchrende<br \/>Katharina Weingartner<\/p><p>Spendenkonto Erste Bank<br \/>IBAN: AT32 2011 1842 9152 4800<br \/>BIC: GIBAATWWXXX<\/p><p>Herausgeberin<br \/>Katharina Weingartner, Gesch\u00e4ftsf\u00fchrende<\/p><p>Vereinszweck<br \/>Fight the Fever\u00a0\u2013 Verein zur Unterst\u00fctzung lokaler Strategien gegen Malaria bezweckt als ein gemeinn\u00fctziger Verein, die Vernetzung von Menschen, die lokale und einfache Strategien zur Behandlung von Malaria recherchieren, unterst\u00fctzen und verbreiten.<\/p><p>Vereinsregisternummer<br \/>1823829681<\/p><p>Aufsichtsbeh\u00f6rde<br \/>Bundespolizeidirektion Wien, Schottenring 7-9, 1010 Wien<\/p><p>Rechtsvorschriften<br \/>\u00d6sterreichisches Vereinsgesetz; Zugang \u00fcber das Rechtsinformationssystem des Bundes (RIS)<\/p><p>Offenlegung gem\u00e4\u00df \u00a7 25 Mediengesetz<br \/>Erkl\u00e4rung \u00fcber die grundliegende Richtung der Website und des Newsletter Magazins<\/p><p>(Blattlinie):<br \/>Information \u00fcber die T\u00e4tigkeit, geplante und abgeschlossene Projekte, Aktionen, Ziele und Erfolge von Fight the Fever.<\/p><p>Datenschutz\u00a0(Stand 21.12.2020)<br \/>Mehr Information zum Datenschutz finden Sie weiter unten.<\/p><p>Haftungsausschluss &amp; Urheberrecht<br \/>Fight the Fever bem\u00fcht sich im Rahmen des Zumutbaren auf dieser Website richtige und vollst\u00e4ndige Informationen zur Verf\u00fcgung zu stellen, \u00fcbernimmt jedoch keine Gew\u00e4hr f\u00fcr die Aktualit\u00e4t, Richtigkeit und Vollst\u00e4ndigkeit der auf dieser Website bereitgestellten Informationen.<\/p><p>Fight the Fever \u00fcbernimmt auch keine Haftung f\u00fcr unmittelbare oder mittelbare Sch\u00e4den, gleich aus welchem Rechtsgrund, die durch Zugriff oder die Verwendung der Website, insbesondere auch durch Infizierung mit Viren oder durch Verwendung der auf der Website angebotenen Informationen, resultieren k\u00f6nnten.<br \/>Diese Website kann Links zu anderen Websites umfassen, auf deren Inhalt die Betreiber dieser Website keinen Einfluss haben. Somit k\u00f6nnen sie auch nicht f\u00fcr den Inhalt der betreffenden Websites haftbar gemacht werden.<br \/>Die Betreiber dieser Website behalten sich das Recht vor, die Informationen auf der Website jederzeit und ohne Vorank\u00fcndigung abzu\u00e4ndern bzw. zu aktualisieren.<\/p><p>Fight the Fever beachtet die Urheberrechte anderer. Durch die Seitenbetreiber erstellten Inhalte und Werke auf diesen Seiten unterliegen dem \u00f6sterreichischen Urheberrecht. Beitr\u00e4ge Dritter sind als solche gekennzeichnet. Die Vervielf\u00e4ltigung, Verbreitung und jede Art der Verwertung au\u00dferhalb der Grenzen des Urheberrechts bed\u00fcrfen schriftlicher Zustimmung des jeweiligen Rechtsinhabers.<\/p>\t\t\t\t\t<\/div>\n\t\t\t\t\t\t<\/div>\n\t\t\t\t<\/div>\n\t\t\t\t\t\t<\/div>\n\t\t\t\t\t<\/div>\n\t\t<\/div>\n\t\t\t\t\t\t\t\t<\/div>\n\t\t\t\t\t<\/div>\n\t\t<\/section>\n\t\t\t\t<section class=\"elementor-section elementor-top-section elementor-element elementor-element-623a401 elementor-section-boxed elementor-section-height-default elementor-section-height-default\" data-id=\"623a401\" data-element_type=\"section\">\n\t\t\t\t\t\t<div class=\"elementor-container elementor-column-gap-default\">\n\t\t\t\t\t\t\t<div class=\"elementor-row\">\n\t\t\t\t\t<div class=\"elementor-column elementor-col-100 elementor-top-column elementor-element elementor-element-090f26e\" data-id=\"090f26e\" data-element_type=\"column\">\n\t\t\t<div class=\"elementor-column-wrap elementor-element-populated\">\n\t\t\t\t\t\t\t<div class=\"elementor-widget-wrap\">\n\t\t\t\t\t\t<div class=\"elementor-element elementor-element-4ceaea4 elementor-widget elementor-widget-text-editor\" data-id=\"4ceaea4\" data-element_type=\"widget\" data-widget_type=\"text-editor.default\">\n\t\t\t\t<div class=\"elementor-widget-container\">\n\t\t\t\t\t\t\t\t<div class=\"elementor-text-editor elementor-clearfix\">\n\t\t\t\t<h3>Mit dem Absenden meiner Mitgliedschaft best\u00e4tige ich folgende drei Abschnitte gelesen zu haben und einverstanden zu sein.<\/h3><ol><li><strong>Einverst\u00e4ndniserkl\u00e4rung Newsletter:<\/strong><\/li><\/ol><p>Unser Vereins-Newsletter informiert Sie \u00fcber das Vereinsgeschehen, Informationen \u00fcber Vereinsangebote, Ver-anstaltungen, Weiterbildungen sowie N\u00fctzliches und Wissenswertes zu mit der Vereinst\u00e4tigkeit im Zusammenhang stehenden Themen. Die Vereinsmitgliedschaft ist nicht an den Bezug des Newsletters gebunden. Der Versand des Newsletters erfolgt auf elektronischem Wege an die bekannt gegebene E-MailAdresse. Ein Widerruf kann jederzeit erfolgen. Ich m\u00f6chte mit aktuellen Informationen wie oben beschrieben versorgt werden und stimme der Verwendung meines Vor- und Nachnamens und meiner E-Mail-Adresse zu den angef\u00fchrten Zwecken zu.<\/p><p><strong>2. Einwilligung in die Anfertigung und Nutzung von Bild-\/Foto-\/Videoaufnahmen:<\/strong><\/p><p>Ich erteile meine Zustimmung zur Anfertigung von Bildaufnahmen w\u00e4hrend Veranstaltungen des Vereins und sons-tiger T\u00e4tigkeiten, die ich in meiner Eigenschaft als Mitglied des Vereins verrichte. Zudem stimme ich der weiteren Nutzung dieser Bilder zum Zweck der Information der \u00d6ffentlichkeit \u00fcber die Vereinst\u00e4tigkeit zu. Die angefertigten Bildaufnahmen k\u00f6nnen vom Verein auf seiner Website, auf Social Media Kan\u00e4len, in der Vereinszeitschrift und in lokalen Medien publiziert werden. Aus dieser Einwilligung leite ich keine Rechte (z.B. Entgelt ab). Ein Widerruf kann jederzeit bei der unten angegebenen Vereinsadresse erfolgen. Im Falle des Widerrufs werden die Aufnah-men archiviert bzw. von der Website entfernt. Es erfolgt keinerlei weitere Verwendung.<\/p><p><strong>3. Information \u00fcber die Verwendung personenbezogener Daten\/Datenschutzerkl\u00e4rung:<\/strong><\/p><p>Der Verein FIGHT THE FEVER-Verein zur Unterst\u00fctzung lokaler Strategien gegen Malaria ist Verantwortlicher f\u00fcr die hier dargelegten Datenverarbeitungst\u00e4tigkeiten. Mit meiner Unterschrift nehme ich zur Kenntnis, dass meine hier angegebenen personenbezogenen Daten auf vertraglicher Grundlage (Mitgliedschaft) innerhalb des Vereins elektronisch und manuell verarbeitet werden. Die Zwecke der Verarbeitung sind: organisatorische und fachliche Administration und finanzielle Abwicklung, Mitgliederverwaltung, Zusendung von Vereins- und Verbandsinforma-tionen, Informationen zu vereinsrelevanten Veranstaltungen, Zusendung der Vereinszeitschrift sowie gegebenen-falls die Ablage von Unterlagen, die personenbezogene Daten enthalten k\u00f6nnen, im Vereinsarchiv. Personenbe-zogene Daten finden vom Verein nur f\u00fcr die dargelegten Zwecke Verwendung. Die Daten werden solange wie ben\u00f6tigt oder gesetzlich vorgeschrieben aufbewahrt. Meine Rechte im Zusammenhang mit datenschutzrechtlichen Vorschriften erstrecken sich auf das Recht auf Auskunft, Berichtigung, L\u00f6schung, Einschr\u00e4nkung, Daten\u00fcbertrag-barkeit und gegebenenfalls Widerspruch in die Verarbeitung. Des Weiteren habe ich ein Beschwerderecht bei der Datenschutzbeh\u00f6rde.<\/p>\t\t\t\t\t<\/div>\n\t\t\t\t\t\t<\/div>\n\t\t\t\t<\/div>\n\t\t\t\t\t\t<\/div>\n\t\t\t\t\t<\/div>\n\t\t<\/div>\n\t\t\t\t\t\t\t\t<\/div>\n\t\t\t\t\t<\/div>\n\t\t<\/section>\n\t\t\t\t<section class=\"elementor-section elementor-top-section elementor-element elementor-element-ca4b33e elementor-section-boxed elementor-section-height-default elementor-section-height-default\" data-id=\"ca4b33e\" data-element_type=\"section\">\n\t\t\t\t\t\t<div class=\"elementor-container elementor-column-gap-default\">\n\t\t\t\t\t\t\t<div class=\"elementor-row\">\n\t\t\t\t\t<div class=\"elementor-column elementor-col-100 elementor-top-column elementor-element elementor-element-8ef59ee\" data-id=\"8ef59ee\" data-element_type=\"column\">\n\t\t\t<div class=\"elementor-column-wrap elementor-element-populated\">\n\t\t\t\t\t\t\t<div class=\"elementor-widget-wrap\">\n\t\t\t\t\t\t<div class=\"elementor-element elementor-element-cf3fa71 elementor-widget elementor-widget-text-editor\" data-id=\"cf3fa71\" data-element_type=\"widget\" data-widget_type=\"text-editor.default\">\n\t\t\t\t<div class=\"elementor-widget-container\">\n\t\t\t\t\t\t\t\t<div class=\"elementor-text-editor elementor-clearfix\">\n\t\t\t\t<h2>Datenschutz<\/h2>\t\t\t\t\t<\/div>\n\t\t\t\t\t\t<\/div>\n\t\t\t\t<\/div>\n\t\t\t\t\t\t<\/div>\n\t\t\t\t\t<\/div>\n\t\t<\/div>\n\t\t\t\t\t\t\t\t<\/div>\n\t\t\t\t\t<\/div>\n\t\t<\/section>\n\t\t\t\t<section class=\"elementor-section elementor-top-section elementor-element elementor-element-8d0dbd9 elementor-section-boxed elementor-section-height-default elementor-section-height-default\" data-id=\"8d0dbd9\" data-element_type=\"section\">\n\t\t\t\t\t\t<div class=\"elementor-container elementor-column-gap-default\">\n\t\t\t\t\t\t\t<div class=\"elementor-row\">\n\t\t\t\t\t<div class=\"elementor-column elementor-col-100 elementor-top-column elementor-element elementor-element-b267ade\" data-id=\"b267ade\" data-element_type=\"column\">\n\t\t\t<div class=\"elementor-column-wrap elementor-element-populated\">\n\t\t\t\t\t\t\t<div class=\"elementor-widget-wrap\">\n\t\t\t\t\t\t<div class=\"elementor-element elementor-element-7145309 elementor-widget elementor-widget-text-editor\" data-id=\"7145309\" data-element_type=\"widget\" data-widget_type=\"text-editor.default\">\n\t\t\t\t<div class=\"elementor-widget-container\">\n\t\t\t\t\t\t\t\t<div class=\"elementor-text-editor elementor-clearfix\">\n\t\t\t\t<ol><li>Der Schutz Ihrer Daten ist uns wichtig.<\/li><\/ol><p>Wir wollen Sie daher an dieser Stelle dar\u00fcber informieren, welche personenbezogenen Daten wir in unserem Verein zu welchem Zweck verarbeiten.<\/p><ol><li>Ihre Mitgliedschaft in unserer Organisation<\/li><\/ol><p>Als Mitglied unserer Organisation, schlie\u00dfen Sie mit uns einen Mitgliedschaftsvertrag ab. Zum Zwecke der Erf\u00fcllung der Vereinsaufgaben gem\u00e4\u00df unseren Vereinsstatuten verarbeiten wir von Ihnen folgende personenbezogene Daten:<\/p><ul><li>Name<\/li><li>Anschrift<\/li><li>E-Mail-Adresse<\/li><li>Telefonnummer<\/li><\/ul><p>Ihre Daten werden f\u00fcr die Dauer der Mitgliedschaft bei uns gespeichert. F\u00fcr den Fall Ihres Austritts aus unserer Organisation werden Ihre Daten zur Erf\u00fcllung unserer gesetzlichen Aufbewahrungspflicht f\u00fcr die gesetzlich vorgeschriebene Dauer (in der Regel 7 Jahren bzw. aufgrund der Auflagen mancher \u00f6ffentlicher F\u00f6rderstellen 10 Jahre) gespeichert.<\/p><ol start=\"2\"><li>Ihre Teilnahme an unseren Veranstaltungen<\/li><\/ol><p>Als Teilnehmer\/in an Veranstaltungen unserer Organisation werden Ihre personenbezogenen Daten, soweit diese f\u00fcr die Anmeldung oder Teilnahme an den Veranstaltungen erforderlich sind, gespeichert. Wir d\u00fcrfen Sie dar\u00fcber hinaus informieren, dass im Rahmen unserer Vereinsveranstaltungen m\u00f6glicherweise Fotografien, Ton- und\/oder Videoaufnahmen erstellt werden. Diese Aufnahmen k\u00f6nnen in verschiedenen Medien (Print, TV, Online) und in Publikationen (Print, Online) unserer Organisation, Verwendung finden.<\/p><ol start=\"3\"><li>Ihr Besuch auf unserer Website<\/li><\/ol><p>Unsere Organisation ist f\u00fcr die inhaltliche Gestaltung der Website verantwortlich und ist sowohl Medieninhaber als auch Herausgeber. Im Zuge Ihres Besuchs unserer Website werden wir folgende Informationen erheben<\/p><ul><li>Das Datum und die Uhrzeit des Aufrufs unserer Website<\/li><li>Ihre IP-Adresse<\/li><li>Name und Version Ihres Webbrowsers<\/li><li>Und jene Informationen, die Sie selbst durch Ausf\u00fcllen eines Kontaktformulars oder Registrierung f\u00fcr unseren Newsletter zur Verf\u00fcgung stellen.<\/li><\/ul><p>Diese Daten werden zu folgenden Zwecken verarbeitet:<\/p><ul><li>um Ihnen diese Website zur Verf\u00fcgung zu stellen,<\/li><li>diese Website weiter zu verbessern und zu entwickeln sowie<\/li><li>um auf Ihre Anfragen zu antworten<\/li><\/ul><p>Wenn Sie auf dieser Website personenbezogene Daten eingeben, erteilen Sie uns mit der Eingabe Ihrer Daten die Zustimmung, dass wir diese Daten zum angegebenen Zweck elektronisch verwenden d\u00fcrfen. Diese Daten werden sicher verwahrt und nicht an Dritte weitergegeben. Davon ausgenommen ist die Weitergabe an staatliche Beh\u00f6rden, sofern der Verein gesetzlich dazu verpflichtet ist. Es besteht keine Verpflichtung, jene Daten, um deren Angabe wir Sie auf unserer Website bitten, tats\u00e4chlich anzugeben. Wenn Sie dies jedoch nicht tun, wird es Ihnen nicht m\u00f6glich sein, alle Funktionen der Website zu nutzen.<\/p><ol start=\"4\"><li>Rechtsgrundlagen der Verarbeitung<\/li><\/ol><p>Die rechtliche Grundlage f\u00fcr die Verarbeitung Ihrer personenbezogenen Daten erfolgt aufgrund Ihres Mitgliedschaftsverh\u00e4ltnisses, Ihrer Teilnahme an unseren Veranstaltungen, Ihres Besuchs auf unserer Website bzw. liegt sonst in unserem berechtigten Interesse gem\u00e4\u00df DSGVO, welches darin besteht, die oben unter Punkt 1.-3. genannten Zwecke zu erreichen.<\/p><ol start=\"5\"><li>Cookies<\/li><\/ol><p>Auf dieser Website werden sogenannte Cookies verwendet. Ein Cookie ist eine Datei, die auf Ihrem Computer gespeichert werden kann, wie Sie eine Website besuchen. Grunds\u00e4tzlich werden Cookies verwendet, um Nutzer*innen zus\u00e4tzliche Funktionen auf einer Website zu bieten. Sie k\u00f6nnen zum Beispiel verwendet werden, um Ihnen die Navigation auf der Website zu erleichtern, es Ihnen zu erm\u00f6glichen, eine Website dort weiter zu verwenden, wie Sie sie verlassen haben und\/oder Ihre Pr\u00e4ferenzen und Einstellungen zu speichern, wenn Sie die Website wieder besuchen. Cookies k\u00f6nnen auf keine anderen Daten auf Ihrem Computer zugreifen, diese lesen oder ver\u00e4ndern. Wenn Sie Cookies nicht akzeptieren m\u00f6chten, \u00e4ndern Sie bitte Ihre Browsereinstellung entsprechend. Beachten Sie, dass dadurch Funktionalit\u00e4ten der Website eingeschr\u00e4nkt werden k\u00f6nnen.<\/p><ol start=\"6\"><li>\u00dcbermittlung Ihrer personenbezogenen Daten an Dritte<\/li><\/ol><p>Wir setzen zur sicheren Verarbeitung Ihrer personenbezogenen Daten sowie auf unserer Website auch Programme und Tools von Drittanbietern ein, mit welchen wir Auftragsverarbeitungsvereinbarungen abgeschlossen und damit sichergestellt haben, dass auch diese den Schutz Ihrer personenbezogenen Daten im Sinne der DSGVO gew\u00e4hrleisten.<\/p><p>Dies betrifft folgende Anbieter:<\/p><ul><li>von eingesetzter IT-Dienstleister<\/li><li>Firma Hosttech als Hoster unserer Website<\/li><li>Google Analytics f\u00fcr die Analyse der Websitezugriffe<\/li><li>Mailchimp\/Mailman f\u00fcr den Versand von Newslettern<\/li><\/ul><p>\u00a0<\/p><ol start=\"7\"><li>Ihre Rechte im Zusammenhang mit Ihren personenbezogenen Daten<\/li><\/ol><p>Ihnen stehen grunds\u00e4tzlich die Rechte auf Auskunft, Berichtigung, L\u00f6schung, Einschr\u00e4nkung, Daten\u00fcbertragbarkeit und Widerspruch zu. Daf\u00fcr wenden Sie sich an uns:<\/p><p><strong>Fight the Fever<\/strong>\u00a0&#8211; Verein zur Unterst\u00fctzung lokaler Strategien gegen Malaria, Auf der Schottenwiese 10, 1160 Wien E-Mail: <a href=\"mailto:mail@fightthefever.org\">mail@fightthefever.org<\/a><\/p><p>Wenn Sie der Meinung sind, dass die Verarbeitung Ihrer Daten gegen das Datenschutzrecht verst\u00f6\u00dft oder Ihre datenschutzrechtlichen Anspr\u00fcche sonst in einer Weise verletzt worden sind, haben Sie die M\u00f6glichkeit sich an die Datenschutzbeh\u00f6rde zu wenden.<\/p><ol start=\"8\"><li>Urheberrecht<\/li><\/ol><p>Der Inhalt dieser Homepage ist urheberrechtlich gesch\u00fctzt. Die Informationen sind nur f\u00fcr die pers\u00f6nliche Verwendung bestimmt. Jede weitergehende Nutzung &#8211; insbesondere die Speicherung in Datenbanken, die Vervielf\u00e4ltigung und jede Form von gewerblicher Nutzung sowie die Weitergabe an Dritte (auch in Teilen oder in \u00fcberarbeiteter Form) &#8211; ohne Zustimmung unserer Organisation ist untersagt.<\/p><ol start=\"9\"><li>Haftungsausschluss<\/li><\/ol><p>Im Hinblick auf die technischen Eigenschaften des Internets kann keine Gew\u00e4hr f\u00fcr die Authentizit\u00e4t, Richtigkeit und Vollst\u00e4ndigkeit der im Internet zur Verf\u00fcgung gestellten Informationen \u00fcbernommen werden. Des Weiteren wird auch keine Gew\u00e4hr f\u00fcr die Verf\u00fcgbarkeit oder den Betrieb der gegenst\u00e4ndlichen Homepage und ihrer Inhalte \u00fcbernommen. Jede Haftung f\u00fcr unmittelbare, mittelbare oder sonstige Sch\u00e4den, unabh\u00e4ngig von deren Ursachen, die aus der Benutzung oder Nichtverf\u00fcgbarkeit der Daten und Informationen dieser Homepage erwachsen, wird, soweit rechtlich zul\u00e4ssig, ausgeschlossen. Die Organisation weist darauf hin, dass f\u00fcr die Inhalte der Hyperlinks keine Verantwortung und keine Haftung \u00fcbernommen wird. Jede Einbindung einzelner Seiten oder sonstiger Ausz\u00fcge von <a href=\"http:\/\/www.feverfighter.com\">www.feverfighter.com<\/a> in fremde Frames ist untersagt. Unsere Organisation \u00fcberpr\u00fcft andere Webseiten, zu denen sich direkte Zugangsm\u00f6glichkeiten (Links) auf den Vereins-Internetseiten befinden, nicht hinsichtlich Inhalt und Gesetzm\u00e4\u00dfigkeit. Die Organisation \u00fcbernimmt keinen Einfluss auf die Gestaltung dieser Webseiten und distanziert sich ausdr\u00fccklich von den dort dargestellten, allenfalls ungesetzlichen Inhalten. Der Verein \u00fcbernimmt dar\u00fcber hinaus keine Verantwortung f\u00fcr solche Inhalte und haftet f\u00fcr derartige Inhalte auch nicht.<\/p>\t\t\t\t\t<\/div>\n\t\t\t\t\t\t<\/div>\n\t\t\t\t<\/div>\n\t\t\t\t\t\t<\/div>\n\t\t\t\t\t<\/div>\n\t\t<\/div>\n\t\t\t\t\t\t\t\t<\/div>\n\t\t\t\t\t<\/div>\n\t\t<\/section>\n\t\t\t\t\t\t<\/div>\n\t\t\t\t\t\t<\/div>\n\t\t\t\t\t<\/div>\n\t\t","protected":false},"excerpt":{"rendered":"<p>Fight the Fever\u00a0\u2013 Verein zur Unterst\u00fctzung lokaler Strategien gegen MalariaAuf der Schottenwiese 10A-1160 Wien E-Mail:\u00a0mail@fightthefever.org Internet:\u00a0www.feverfighters.com Gesch\u00e4ftsf\u00fchrendeKatharina Weingartner Spendenkonto Erste BankIBAN: AT32 2011 1842 9152 4800BIC: GIBAATWWXXX HerausgeberinKatharina Weingartner, Gesch\u00e4ftsf\u00fchrende VereinszweckFight the Fever\u00a0\u2013 Verein zur Unterst\u00fctzung lokaler Strategien gegen Malaria bezweckt als ein gemeinn\u00fctziger Verein, die Vernetzung von Menschen, die lokale und einfache Strategien zur&hellip;&nbsp;<a href=\"https:\/\/dev.feverfighters.com\/?page_id=45\" rel=\"bookmark\">Weiterlesen &raquo;<span class=\"screen-reader-text\">Impressum<\/span><\/a><\/p>\n","protected":false},"author":1,"featured_media":0,"parent":0,"menu_order":0,"comment_status":"closed","ping_status":"closed","template":"","meta":{"neve_meta_sidebar":"","neve_meta_container":"","neve_meta_enable_content_width":"","neve_meta_content_width":0,"neve_meta_title_alignment":"","neve_meta_author_avatar":"","neve_post_elements_order":"","neve_meta_disable_header":"","neve_meta_disable_footer":"","neve_meta_disable_title":"","footnotes":""},"class_list":["post-45","page","type-page","status-publish","hentry"],"_links":{"self":[{"href":"https:\/\/dev.feverfighters.com\/index.php?rest_route=\/wp\/v2\/pages\/45","targetHints":{"allow":["GET"]}}],"collection":[{"href":"https:\/\/dev.feverfighters.com\/index.php?rest_route=\/wp\/v2\/pages"}],"about":[{"href":"https:\/\/dev.feverfighters.com\/index.php?rest_route=\/wp\/v2\/types\/page"}],"author":[{"embeddable":true,"href":"https:\/\/dev.feverfighters.com\/index.php?rest_route=\/wp\/v2\/users\/1"}],"replies":[{"embeddable":true,"href":"https:\/\/dev.feverfighters.com\/index.php?rest_route=%2Fwp%2Fv2%2Fcomments&post=45"}],"version-history":[{"count":29,"href":"https:\/\/dev.feverfighters.com\/index.php?rest_route=\/wp\/v2\/pages\/45\/revisions"}],"predecessor-version":[{"id":540,"href":"https:\/\/dev.feverfighters.com\/index.php?rest_route=\/wp\/v2\/pages\/45\/revisions\/540"}],"wp:attachment":[{"href":"https:\/\/dev.feverfighters.com\/index.php?rest_route=%2Fwp%2Fv2%2Fmedia&parent=45"}],"curies":[{"name":"wp","href":"https:\/\/api.w.org\/{rel}","templated":true}]}}